{"id":638,"date":"2015-07-29T09:44:58","date_gmt":"2015-07-29T09:44:58","guid":{"rendered":"http:\/\/santiagocatalan.com\/?page_id=638"},"modified":"2016-10-21T10:54:58","modified_gmt":"2016-10-21T10:54:58","slug":"articulo-sobre-o-garanon","status":"publish","type":"page","link":"https:\/\/santiagocatalan.com\/index.php\/articulo-sobre-o-garanon\/","title":{"rendered":"Art\u00edculo sobre O Gara\u00f1\u00f3n"},"content":{"rendered":"<p><a href=\"http:\/\/santiagocatalan.com\/wp-content\/uploads\/2015\/07\/O-Gara\u00f1\u00f3n-contra-la-Arquietctura__001.pdf\" target=\"_blank\" rel=\"http:\/\/santiagocatalan.com\/wp-content\/uploads\/2015\/07\/O-Gara\u00f1\u00f3n-contra-la-Arquietctura__001.pdf\"><img loading=\"lazy\" class=\"aligncenter wp-image-37 size-full\" src=\"http:\/\/santiagocatalan.com\/wp-content\/uploads\/2015\/06\/O-Gara.jpg\" alt=\"O Gara\" width=\"255\" height=\"255\" srcset=\"https:\/\/santiagocatalan.com\/wp-content\/uploads\/2015\/06\/O-Gara.jpg 255w, https:\/\/santiagocatalan.com\/wp-content\/uploads\/2015\/06\/O-Gara-150x150.jpg 150w, https:\/\/santiagocatalan.com\/wp-content\/uploads\/2015\/06\/O-Gara-60x60.jpg 60w\" sizes=\"(max-width: 255px) 100vw, 255px\" \/><\/a><\/p>\n<p>&nbsp;<\/p>\n<p style=\"text-align: center;\"><a href=\"http:\/\/santiagocatalan.com\/wp-content\/uploads\/2015\/07\/O-Gara\u00f1\u00f3n-contra-la-Arquietctura__001.pdf\" target=\"_blank\">Enlace art\u00edculo<\/a><\/p>\n","protected":false},"excerpt":{"rendered":"<p>&nbsp; Enlace art\u00edculo<\/p>\n","protected":false},"author":1,"featured_media":0,"parent":0,"menu_order":0,"comment_status":"open","ping_status":"open","template":"","meta":{"_et_pb_use_builder":"","_et_pb_old_content":"","_et_gb_content_width":""},"_links":{"self":[{"href":"https:\/\/santiagocatalan.com\/index.php\/wp-json\/wp\/v2\/pages\/638"}],"collection":[{"href":"https:\/\/santiagocatalan.com\/index.php\/wp-json\/wp\/v2\/pages"}],"about":[{"href":"https:\/\/santiagocatalan.com\/index.php\/wp-json\/wp\/v2\/types\/page"}],"author":[{"embeddable":true,"href":"https:\/\/santiagocatalan.com\/index.php\/wp-json\/wp\/v2\/users\/1"}],"replies":[{"embeddable":true,"href":"https:\/\/santiagocatalan.com\/index.php\/wp-json\/wp\/v2\/comments?post=638"}],"version-history":[{"count":7,"href":"https:\/\/santiagocatalan.com\/index.php\/wp-json\/wp\/v2\/pages\/638\/revisions"}],"predecessor-version":[{"id":731,"href":"https:\/\/santiagocatalan.com\/index.php\/wp-json\/wp\/v2\/pages\/638\/revisions\/731"}],"wp:attachment":[{"href":"https:\/\/santiagocatalan.com\/index.php\/wp-json\/wp\/v2\/media?parent=638"}],"curies":[{"name":"wp","href":"https:\/\/api.w.org\/{rel}","templated":true}]}}