{"id":297,"date":"2015-06-29T16:46:21","date_gmt":"2015-06-29T16:46:21","guid":{"rendered":"http:\/\/santiagocatalan.com\/?page_id=297"},"modified":"2015-06-29T16:46:21","modified_gmt":"2015-06-29T16:46:21","slug":"piscina-cubierta-y-gimnasio-canpus-de-lugo-2002","status":"publish","type":"page","link":"https:\/\/santiagocatalan.com\/index.php\/piscina-cubierta-y-gimnasio-canpus-de-lugo-2002\/","title":{"rendered":"Piscina Cubierta y Gimnasio. Canpus de Lugo  2002"},"content":{"rendered":"<p style=\"text-align: center;\">Obra en colaboraci\u00f3n con<\/p>\n<p style=\"text-align: center;\">Jos\u00e9 L. Arias Jord\u00e1n y Eduardo Herr\u00e1ez Fern\u00e1ndez, Arquitectos<\/p>\n<div class=\"et_pb_slider et_pb_slider_fullwidth_off et_pb_gallery_post_type\">\n\t\t\t\t<div class=\"et_pb_slides\">\n\t\t\t\t\t<div class=\"et_pb_slide\" style=\"background: url(https:\/\/santiagocatalan.com\/wp-content\/uploads\/2015\/06\/Piscina-01.jpg);\"><\/div><div class=\"et_pb_slide\" style=\"background: url(https:\/\/santiagocatalan.com\/wp-content\/uploads\/2015\/06\/Piscina-08.jpg);\"><\/div><div class=\"et_pb_slide\" style=\"background: url(https:\/\/santiagocatalan.com\/wp-content\/uploads\/2015\/06\/Piscina-07.jpg);\"><\/div><div class=\"et_pb_slide\" style=\"background: url(https:\/\/santiagocatalan.com\/wp-content\/uploads\/2015\/06\/Piscina-06.jpg);\"><\/div><div class=\"et_pb_slide\" style=\"background: url(https:\/\/santiagocatalan.com\/wp-content\/uploads\/2015\/06\/Piscina-05.jpg);\"><\/div><div class=\"et_pb_slide\" style=\"background: url(https:\/\/santiagocatalan.com\/wp-content\/uploads\/2015\/06\/Piscina-04.jpg);\"><\/div><div class=\"et_pb_slide\" style=\"background: url(https:\/\/santiagocatalan.com\/wp-content\/uploads\/2015\/06\/Piscina-03.jpg);\"><\/div><div class=\"et_pb_slide\" style=\"background: url(https:\/\/santiagocatalan.com\/wp-content\/uploads\/2015\/06\/Piscina-02.jpg);\"><\/div>\n\t\t\t\t<\/div>\n\t\t\t<\/div>\n","protected":false},"excerpt":{"rendered":"<p>Obra en colaboraci\u00f3n con Jos\u00e9 L. Arias Jord\u00e1n y Eduardo Herr\u00e1ez Fern\u00e1ndez, Arquitectos<\/p>\n","protected":false},"author":1,"featured_media":0,"parent":0,"menu_order":0,"comment_status":"open","ping_status":"open","template":"","meta":{"_et_pb_use_builder":"","_et_pb_old_content":"","_et_gb_content_width":""},"_links":{"self":[{"href":"https:\/\/santiagocatalan.com\/index.php\/wp-json\/wp\/v2\/pages\/297"}],"collection":[{"href":"https:\/\/santiagocatalan.com\/index.php\/wp-json\/wp\/v2\/pages"}],"about":[{"href":"https:\/\/santiagocatalan.com\/index.php\/wp-json\/wp\/v2\/types\/page"}],"author":[{"embeddable":true,"href":"https:\/\/santiagocatalan.com\/index.php\/wp-json\/wp\/v2\/users\/1"}],"replies":[{"embeddable":true,"href":"https:\/\/santiagocatalan.com\/index.php\/wp-json\/wp\/v2\/comments?post=297"}],"version-history":[{"count":1,"href":"https:\/\/santiagocatalan.com\/index.php\/wp-json\/wp\/v2\/pages\/297\/revisions"}],"predecessor-version":[{"id":306,"href":"https:\/\/santiagocatalan.com\/index.php\/wp-json\/wp\/v2\/pages\/297\/revisions\/306"}],"wp:attachment":[{"href":"https:\/\/santiagocatalan.com\/index.php\/wp-json\/wp\/v2\/media?parent=297"}],"curies":[{"name":"wp","href":"https:\/\/api.w.org\/{rel}","templated":true}]}}