{"id":1106,"date":"2020-03-06T11:21:03","date_gmt":"2020-03-06T11:21:03","guid":{"rendered":"http:\/\/santiagocatalan.com\/?page_id=1106"},"modified":"2022-08-31T08:39:51","modified_gmt":"2022-08-31T08:39:51","slug":"exposiciones","status":"publish","type":"page","link":"https:\/\/santiagocatalan.com\/index.php\/exposiciones\/","title":{"rendered":"\u00daltimas Exposiciones"},"content":{"rendered":"[et_pb_section fb_built=\u00bb1&#8243; admin_label=\u00bbsection\u00bb _builder_version=\u00bb4.18.0&#8243; hover_enabled=\u00bb0&#8243; global_colors_info=\u00bb{}\u00bb sticky_enabled=\u00bb0&#8243;][et_pb_row _builder_version=\u00bb4.18.0&#8243; _module_preset=\u00bbdefault\u00bb custom_margin=\u00bb-27px|auto|-44px|auto||\u00bb global_colors_info=\u00bb{}\u00bb][et_pb_column type=\u00bb4_4&#8243; _builder_version=\u00bb4.18.0&#8243; _module_preset=\u00bbdefault\u00bb global_colors_info=\u00bb{}\u00bb][et_pb_text _builder_version=\u00bb4.18.0&#8243; _module_preset=\u00bbdefault\u00bb hover_enabled=\u00bb0&#8243; global_colors_info=\u00bb{}\u00bb sticky_enabled=\u00bb0&#8243;]\n<p style=\"text-align: center;\"><a href=\"http:\/\/santiagocatalan.com\/index.php\/00_galeria-museo\/\"><span style=\"color: #3366ff;\">ARQUITECTURAS DEBUXADAS LUGO COMPOSTELA. Museo de Lugo 2022<\/span><\/a><\/p>\n[\/et_pb_text][et_pb_text _builder_version=\u00bb4.18.0&#8243; _module_preset=\u00bbdefault\u00bb hover_enabled=\u00bb0&#8243; global_colors_info=\u00bb{}\u00bb sticky_enabled=\u00bb0&#8243;]\n<p style=\"text-align: center;\"><a href=\"http:\/\/santiagocatalan.com\/index.php\/00-galeria-exposicion-bacabu-fundacion-casares-2022\/\"><span style=\"color: #3366ff;\">BACAB\u00da. Fundaci\u00f3n Casares Quiroga A Coru\u00f1a 2022<\/span><\/a><\/p>\n[\/et_pb_text][et_pb_text _builder_version=\u00bb4.18.0&#8243; _module_preset=\u00bbdefault\u00bb hover_enabled=\u00bb0&#8243; global_colors_info=\u00bb{}\u00bb sticky_enabled=\u00bb0&#8243;]\n<p style=\"text-align: center;\"><a href=\"http:\/\/santiagocatalan.com\/index.php\/exposicion-arquitecturas-debuxadas-compostela-museo-das-peregrinacions-2020\/\"><span style=\"color: #3366ff;\">ARQUITECTURAS DEBUXADAS COMPOSTELA. Museo das Peregrinacions Santiago de Compostela 2020<\/span><\/a><\/p>\n[\/et_pb_text][et_pb_text _builder_version=\u00bb4.18.0&#8243; _module_preset=\u00bbdefault\u00bb hover_enabled=\u00bb0&#8243; global_colors_info=\u00bb{}\u00bb sticky_enabled=\u00bb0&#8243;]\n<p style=\"text-align: center;\"><a href=\"http:\/\/santiagocatalan.com\/wp-content\/uploads\/2022\/08\/outras-naturezas-scaled.jpg\"><span style=\"color: #3366ff;\">OUTRAS NATUREZAS. La Catedral 2019<\/span><\/a><\/p>\n[\/et_pb_text][\/et_pb_column][\/et_pb_row][et_pb_row _builder_version=\u00bb4.18.0&#8243; _module_preset=\u00bbdefault\u00bb custom_margin=\u00bb4px|auto|-47px|auto||\u00bb global_colors_info=\u00bb{}\u00bb][et_pb_column type=\u00bb4_4&#8243; _builder_version=\u00bb4.18.0&#8243; _module_preset=\u00bbdefault\u00bb global_colors_info=\u00bb{}\u00bb][et_pb_text _builder_version=\u00bb4.18.0&#8243; _module_preset=\u00bbdefault\u00bb hover_enabled=\u00bb0&#8243; global_colors_info=\u00bb{}\u00bb sticky_enabled=\u00bb0&#8243;]\n<p style=\"text-align: center;\"><a href=\"http:\/\/santiagocatalan.com\/wp-content\/uploads\/2022\/08\/BACABU-Centro-Cultura-Marcos-Valcarcel-Ourense-2019.pdf\"><span style=\"color: #3366ff;\">BACAB\u00da. Centro Cultural Marcos Valc\u00e1rcel Ourense 2019<\/span><\/a><\/p>\n[\/et_pb_text][\/et_pb_column][\/et_pb_row][\/et_pb_section]\n","protected":false},"excerpt":{"rendered":"<p>ARQUITECTURAS DEBUXADAS LUGO COMPOSTELA. Museo de Lugo 2022BACAB\u00da. Fundaci\u00f3n Casares Quiroga A Coru\u00f1a 2022ARQUITECTURAS DEBUXADAS COMPOSTELA. Museo das Peregrinacions Santiago de Compostela 2020OUTRAS NATUREZAS. La Catedral 2019BACAB\u00da. Centro Cultural Marcos Valc\u00e1rcel Ourense 2019<\/p>\n","protected":false},"author":1,"featured_media":0,"parent":0,"menu_order":0,"comment_status":"closed","ping_status":"closed","template":"","meta":{"_et_pb_use_builder":"on","_et_pb_old_content":"<p style=\"text-align: center;\"><a href=\"http:\/\/santiagocatalan.com\/wp-content\/uploads\/2020\/03\/outras-naturezas.jpg\">Outras Naturezas. La Catedral 2019<\/a><\/p>\n<p><\/p>\n<p style=\"text-align: center;\"><a href=\"http:\/\/santiagocatalan.com\/wp-content\/uploads\/2020\/03\/BACAB\u00da-Centro-Cultura-Marcos-Valc\u00e1rcel-Ourense-2019.pdf\">BACAB\u00da. Centro Cultural Marcos Valc\u00e1rcel Ourense 2019<\/a><\/p>\n<p><\/p>\n\n<!-- wp:paragraph {\"align\":\"center\",\"textColor\":\"pinnacle-primary\"} -->\n<p class=\"has-text-align-center has-pinnacle-primary-color has-text-color\" id=\"http:\/\/santiagocatalan.com\/wp-content\/uploads\/2022\/08\/Bacabu.-Fundacion-Casares-Quiroga.pdf\"><a href=\"http:\/\/santiagocatalan.com\/wp-content\/uploads\/2022\/08\/Bacabu.-Fundacion-Casares-Quiroga.pdf\">BACAB\u00da. Fundaci\u00f3n Casares Quiroga A Coru\u00f1a 2022<\/a><\/p>\n<!-- \/wp:paragraph -->\n\n<!-- wp:paragraph -->\n<p><\/p>\n<!-- \/wp:paragraph -->\n\n<!-- wp:paragraph {\"align\":\"center\",\"textColor\":\"pinnacle-primary\"} -->\n<p class=\"has-text-align-center has-pinnacle-primary-color has-text-color\">Arquitecturas Debuxadas Lugo - Santiago. Museo de Lugo 2022<\/p>\n<!-- \/wp:paragraph -->","_et_gb_content_width":""},"_links":{"self":[{"href":"https:\/\/santiagocatalan.com\/index.php\/wp-json\/wp\/v2\/pages\/1106"}],"collection":[{"href":"https:\/\/santiagocatalan.com\/index.php\/wp-json\/wp\/v2\/pages"}],"about":[{"href":"https:\/\/santiagocatalan.com\/index.php\/wp-json\/wp\/v2\/types\/page"}],"author":[{"embeddable":true,"href":"https:\/\/santiagocatalan.com\/index.php\/wp-json\/wp\/v2\/users\/1"}],"replies":[{"embeddable":true,"href":"https:\/\/santiagocatalan.com\/index.php\/wp-json\/wp\/v2\/comments?post=1106"}],"version-history":[{"count":33,"href":"https:\/\/santiagocatalan.com\/index.php\/wp-json\/wp\/v2\/pages\/1106\/revisions"}],"predecessor-version":[{"id":1690,"href":"https:\/\/santiagocatalan.com\/index.php\/wp-json\/wp\/v2\/pages\/1106\/revisions\/1690"}],"wp:attachment":[{"href":"https:\/\/santiagocatalan.com\/index.php\/wp-json\/wp\/v2\/media?parent=1106"}],"curies":[{"name":"wp","href":"https:\/\/api.w.org\/{rel}","templated":true}]}}