{"id":462,"date":"2015-06-29T17:50:19","date_gmt":"2015-06-29T17:50:19","guid":{"rendered":"http:\/\/santiagocatalan.com\/?page_id=462"},"modified":"2015-06-29T17:50:19","modified_gmt":"2015-06-29T17:50:19","slug":"sede-de-la-confederacion-hidrografica-del-mino-sil-en-ourense-2011","status":"publish","type":"page","link":"http:\/\/santiagocatalan.com\/index.php\/sede-de-la-confederacion-hidrografica-del-mino-sil-en-ourense-2011\/","title":{"rendered":"Sede de la Confederaci\u00f3n Hidrogr\u00e1fica del Mi\u00f1o-Sil en Ourense  2011"},"content":{"rendered":"<p style=\"text-align: center;\">Concurso realizado en colaboraci\u00f3n con KM-Arquitectos<\/p>\n<div class=\"et_pb_slider et_pb_slider_fullwidth_off et_pb_gallery_post_type\">\n\t\t\t\t<div class=\"et_pb_slides\">\n\t\t\t\t\t<div class=\"et_pb_slide\" style=\"background: url(http:\/\/santiagocatalan.com\/wp-content\/uploads\/2015\/06\/MiSil-01.jpg);\"><\/div><div class=\"et_pb_slide\" style=\"background: url(http:\/\/santiagocatalan.com\/wp-content\/uploads\/2015\/06\/MiSil-02.jpg);\"><\/div><div class=\"et_pb_slide\" style=\"background: url(http:\/\/santiagocatalan.com\/wp-content\/uploads\/2015\/06\/MiSil-03.jpg);\"><\/div><div class=\"et_pb_slide\" style=\"background: url(http:\/\/santiagocatalan.com\/wp-content\/uploads\/2015\/06\/MiSil-04.jpg);\"><\/div><div class=\"et_pb_slide\" style=\"background: url(http:\/\/santiagocatalan.com\/wp-content\/uploads\/2015\/06\/MiSil-05.jpg);\"><\/div><div class=\"et_pb_slide\" style=\"background: url(http:\/\/santiagocatalan.com\/wp-content\/uploads\/2015\/06\/MiSil-06.jpg);\"><\/div><div class=\"et_pb_slide\" style=\"background: url(http:\/\/santiagocatalan.com\/wp-content\/uploads\/2015\/06\/MiSil-07.jpg);\"><\/div><div class=\"et_pb_slide\" style=\"background: url(http:\/\/santiagocatalan.com\/wp-content\/uploads\/2015\/06\/MiSil-08.jpg);\"><\/div>\n\t\t\t\t<\/div>\n\t\t\t<\/div>\n","protected":false},"excerpt":{"rendered":"<p>Concurso realizado en colaboraci\u00f3n con KM-Arquitectos<\/p>\n","protected":false},"author":1,"featured_media":0,"parent":0,"menu_order":0,"comment_status":"open","ping_status":"open","template":"","meta":{"_et_pb_use_builder":"","_et_pb_old_content":"","_et_gb_content_width":""},"_links":{"self":[{"href":"http:\/\/santiagocatalan.com\/index.php\/wp-json\/wp\/v2\/pages\/462"}],"collection":[{"href":"http:\/\/santiagocatalan.com\/index.php\/wp-json\/wp\/v2\/pages"}],"about":[{"href":"http:\/\/santiagocatalan.com\/index.php\/wp-json\/wp\/v2\/types\/page"}],"author":[{"embeddable":true,"href":"http:\/\/santiagocatalan.com\/index.php\/wp-json\/wp\/v2\/users\/1"}],"replies":[{"embeddable":true,"href":"http:\/\/santiagocatalan.com\/index.php\/wp-json\/wp\/v2\/comments?post=462"}],"version-history":[{"count":1,"href":"http:\/\/santiagocatalan.com\/index.php\/wp-json\/wp\/v2\/pages\/462\/revisions"}],"predecessor-version":[{"id":471,"href":"http:\/\/santiagocatalan.com\/index.php\/wp-json\/wp\/v2\/pages\/462\/revisions\/471"}],"wp:attachment":[{"href":"http:\/\/santiagocatalan.com\/index.php\/wp-json\/wp\/v2\/media?parent=462"}],"curies":[{"name":"wp","href":"https:\/\/api.w.org\/{rel}","templated":true}]}}