{"id":247,"date":"2015-06-29T16:28:36","date_gmt":"2015-06-29T16:28:36","guid":{"rendered":"http:\/\/santiagocatalan.com\/?page_id=247"},"modified":"2015-08-06T11:37:52","modified_gmt":"2015-08-06T11:37:52","slug":"oficina-de-turismo-lugo-2009","status":"publish","type":"page","link":"http:\/\/santiagocatalan.com\/index.php\/oficina-de-turismo-lugo-2009\/","title":{"rendered":"Oficina de Turismo  Lugo 2009"},"content":{"rendered":"<p style=\"text-align: center;\">Obra realizada en colaboraci\u00f3n con Jos\u00e9 L. Arias Jord\u00e1n, Arquitecto<\/p>\n<div class=\"et_pb_slider et_pb_slider_fullwidth_off et_pb_gallery_post_type\">\n\t\t\t\t<div class=\"et_pb_slides\">\n\t\t\t\t\t<div class=\"et_pb_slide\" style=\"background: url(http:\/\/santiagocatalan.com\/wp-content\/uploads\/2015\/06\/Oficina-Turismol-01.jpg);\"><\/div><div class=\"et_pb_slide\" style=\"background: url(http:\/\/santiagocatalan.com\/wp-content\/uploads\/2015\/06\/Oficina-Turismol-02.jpg);\"><\/div><div class=\"et_pb_slide\" style=\"background: url(http:\/\/santiagocatalan.com\/wp-content\/uploads\/2015\/06\/Oficina-Turismol-03.jpg);\"><\/div><div class=\"et_pb_slide\" style=\"background: url(http:\/\/santiagocatalan.com\/wp-content\/uploads\/2015\/06\/Oficina-Turismol-04.jpg);\"><\/div><div class=\"et_pb_slide\" style=\"background: url(http:\/\/santiagocatalan.com\/wp-content\/uploads\/2015\/06\/Oficina-Turismol-05.jpg);\"><\/div><div class=\"et_pb_slide\" style=\"background: url(http:\/\/santiagocatalan.com\/wp-content\/uploads\/2015\/06\/Oficina-Turismol-06.jpg);\"><\/div><div class=\"et_pb_slide\" style=\"background: url(http:\/\/santiagocatalan.com\/wp-content\/uploads\/2015\/06\/Oficina-Turismol-07.jpg);\"><\/div><div class=\"et_pb_slide\" style=\"background: url(http:\/\/santiagocatalan.com\/wp-content\/uploads\/2015\/06\/Oficina-Turismol-08.jpg);\"><\/div>\n\t\t\t\t<\/div>\n\t\t\t<\/div>\n","protected":false},"excerpt":{"rendered":"<p>Obra realizada en colaboraci\u00f3n con Jos\u00e9 L. Arias Jord\u00e1n, Arquitecto<\/p>\n","protected":false},"author":1,"featured_media":0,"parent":0,"menu_order":0,"comment_status":"open","ping_status":"open","template":"","meta":{"_et_pb_use_builder":"","_et_pb_old_content":"","_et_gb_content_width":""},"_links":{"self":[{"href":"http:\/\/santiagocatalan.com\/index.php\/wp-json\/wp\/v2\/pages\/247"}],"collection":[{"href":"http:\/\/santiagocatalan.com\/index.php\/wp-json\/wp\/v2\/pages"}],"about":[{"href":"http:\/\/santiagocatalan.com\/index.php\/wp-json\/wp\/v2\/types\/page"}],"author":[{"embeddable":true,"href":"http:\/\/santiagocatalan.com\/index.php\/wp-json\/wp\/v2\/users\/1"}],"replies":[{"embeddable":true,"href":"http:\/\/santiagocatalan.com\/index.php\/wp-json\/wp\/v2\/comments?post=247"}],"version-history":[{"count":3,"href":"http:\/\/santiagocatalan.com\/index.php\/wp-json\/wp\/v2\/pages\/247\/revisions"}],"predecessor-version":[{"id":646,"href":"http:\/\/santiagocatalan.com\/index.php\/wp-json\/wp\/v2\/pages\/247\/revisions\/646"}],"wp:attachment":[{"href":"http:\/\/santiagocatalan.com\/index.php\/wp-json\/wp\/v2\/media?parent=247"}],"curies":[{"name":"wp","href":"https:\/\/api.w.org\/{rel}","templated":true}]}}