{"id":1662,"date":"2022-08-30T12:22:52","date_gmt":"2022-08-30T12:22:52","guid":{"rendered":"http:\/\/santiagocatalan.com\/?page_id=1662"},"modified":"2022-08-31T09:21:35","modified_gmt":"2022-08-31T09:21:35","slug":"00-galeria-exposicion-bacabu-fundacion-casares-2022","status":"publish","type":"page","link":"http:\/\/santiagocatalan.com\/index.php\/00-galeria-exposicion-bacabu-fundacion-casares-2022\/","title":{"rendered":"00 Galer\u00eda Exposici\u00f3n Bacab\u00fa Fundaci\u00f3n Casares 2022"},"content":{"rendered":"[et_pb_section fb_built=\u00bb1&#8243; _builder_version=\u00bb4.18.0&#8243; _module_preset=\u00bbdefault\u00bb global_colors_info=\u00bb{}\u00bb][et_pb_row column_structure=\u00bb1_2,1_2&#8243; _builder_version=\u00bb4.18.0&#8243; _module_preset=\u00bbdefault\u00bb global_colors_info=\u00bb{}\u00bb][et_pb_column type=\u00bb1_2&#8243; _builder_version=\u00bb4.18.0&#8243; _module_preset=\u00bbdefault\u00bb global_colors_info=\u00bb{}\u00bb][et_pb_image src=\u00bbhttp:\/\/santiagocatalan.com\/wp-content\/uploads\/2022\/08\/20220809_185537.jpg\u00bb title_text=\u00bb20220809_185537&#8243; _builder_version=\u00bb4.18.0&#8243; _module_preset=\u00bbdefault\u00bb global_colors_info=\u00bb{}\u00bb][\/et_pb_image][\/et_pb_column][et_pb_column type=\u00bb1_2&#8243; _builder_version=\u00bb4.18.0&#8243; _module_preset=\u00bbdefault\u00bb global_colors_info=\u00bb{}\u00bb][et_pb_image src=\u00bbhttp:\/\/santiagocatalan.com\/wp-content\/uploads\/2022\/08\/20220809_185533.jpg\u00bb title_text=\u00bb20220809_185533&#8243; _builder_version=\u00bb4.18.0&#8243; _module_preset=\u00bbdefault\u00bb global_colors_info=\u00bb{}\u00bb][\/et_pb_image][\/et_pb_column][\/et_pb_row][\/et_pb_section]\n","protected":false},"excerpt":{"rendered":"","protected":false},"author":1,"featured_media":0,"parent":0,"menu_order":0,"comment_status":"closed","ping_status":"closed","template":"","meta":{"_et_pb_use_builder":"on","_et_pb_old_content":"","_et_gb_content_width":""},"_links":{"self":[{"href":"http:\/\/santiagocatalan.com\/index.php\/wp-json\/wp\/v2\/pages\/1662"}],"collection":[{"href":"http:\/\/santiagocatalan.com\/index.php\/wp-json\/wp\/v2\/pages"}],"about":[{"href":"http:\/\/santiagocatalan.com\/index.php\/wp-json\/wp\/v2\/types\/page"}],"author":[{"embeddable":true,"href":"http:\/\/santiagocatalan.com\/index.php\/wp-json\/wp\/v2\/users\/1"}],"replies":[{"embeddable":true,"href":"http:\/\/santiagocatalan.com\/index.php\/wp-json\/wp\/v2\/comments?post=1662"}],"version-history":[{"count":4,"href":"http:\/\/santiagocatalan.com\/index.php\/wp-json\/wp\/v2\/pages\/1662\/revisions"}],"predecessor-version":[{"id":1692,"href":"http:\/\/santiagocatalan.com\/index.php\/wp-json\/wp\/v2\/pages\/1662\/revisions\/1692"}],"wp:attachment":[{"href":"http:\/\/santiagocatalan.com\/index.php\/wp-json\/wp\/v2\/media?parent=1662"}],"curies":[{"name":"wp","href":"https:\/\/api.w.org\/{rel}","templated":true}]}}